{"id":1124,"date":"2023-07-24T20:38:15","date_gmt":"2023-07-24T23:38:15","guid":{"rendered":"https:\/\/fluxcontrolbr.com\/?post_type=product&#038;p=1124"},"modified":"2023-07-28T22:30:28","modified_gmt":"2023-07-29T01:30:28","slug":"tubos","status":"publish","type":"product","link":"https:\/\/fluxcontrolbr.com\/index.php\/produto\/tubos\/","title":{"rendered":"Tubos"},"content":{"rendered":"","protected":false},"excerpt":{"rendered":"<p><span style=\"font-weight: 400;\">Tubos em a\u00e7o inox 316L, sem costura, di\u00e2metros de 1\/4&#8243; at\u00e9 1\u201d, aptos para suas instala\u00e7\u00f5es e manuten\u00e7\u00f5es.<\/span><\/p>\n<p><span style=\"font-weight: 400;\">Conex\u00f5es em a\u00e7o inox 316, dupla anilha e roscadas, com qualidade e devidamente certificadas para atender todos os quesitos e necessidades da sua instala\u00e7\u00e3o ou manuten\u00e7\u00e3o.<\/span><\/p>\n<p><span style=\"font-weight: 400;\">Abra\u00e7adeiras tipo Stauff, para trilho ou com base.<\/span><\/p>\n","protected":false},"featured_media":1156,"comment_status":"closed","ping_status":"closed","template":"","meta":[],"product_cat":[28],"product_tag":[],"_links":{"self":[{"href":"https:\/\/fluxcontrolbr.com\/index.php\/wp-json\/wp\/v2\/product\/1124"}],"collection":[{"href":"https:\/\/fluxcontrolbr.com\/index.php\/wp-json\/wp\/v2\/product"}],"about":[{"href":"https:\/\/fluxcontrolbr.com\/index.php\/wp-json\/wp\/v2\/types\/product"}],"replies":[{"embeddable":true,"href":"https:\/\/fluxcontrolbr.com\/index.php\/wp-json\/wp\/v2\/comments?post=1124"}],"wp:featuredmedia":[{"embeddable":true,"href":"https:\/\/fluxcontrolbr.com\/index.php\/wp-json\/wp\/v2\/media\/1156"}],"wp:attachment":[{"href":"https:\/\/fluxcontrolbr.com\/index.php\/wp-json\/wp\/v2\/media?parent=1124"}],"wp:term":[{"taxonomy":"product_cat","embeddable":true,"href":"https:\/\/fluxcontrolbr.com\/index.php\/wp-json\/wp\/v2\/product_cat?post=1124"},{"taxonomy":"product_tag","embeddable":true,"href":"https:\/\/fluxcontrolbr.com\/index.php\/wp-json\/wp\/v2\/product_tag?post=1124"}],"curies":[{"name":"wp","href":"https:\/\/api.w.org\/{rel}","templated":true}]}}