{"id":1126,"date":"2023-07-24T20:42:34","date_gmt":"2023-07-24T23:42:34","guid":{"rendered":"https:\/\/fluxcontrolbr.com\/?post_type=product&#038;p=1126"},"modified":"2025-10-16T05:35:02","modified_gmt":"2025-10-16T08:35:02","slug":"conexoes-em-aco","status":"publish","type":"product","link":"https:\/\/fluxcontrolbr.com\/index.php\/produto\/conexoes-em-aco\/","title":{"rendered":"Conex\u00f5es em a\u00e7o"},"content":{"rendered":"<p><span style=\"font-weight: 400;\">Conex\u00f5es em a\u00e7o inox 316, dupla anilha e roscadas, com qualidade e devidamente certificadas para atender todos os quesitos e necessidades da sua instala\u00e7\u00e3o ou manuten\u00e7\u00e3o.<\/span><\/p>\n","protected":false},"excerpt":{"rendered":"<p><span style=\"font-weight: 400;\">Conex\u00f5es em a\u00e7o inox 316, dupla anilha e roscadas, com qualidade e devidamente certificadas para atender todos os quesitos e necessidades da sua instala\u00e7\u00e3o ou manuten\u00e7\u00e3o.<\/span><\/p>\n","protected":false},"featured_media":1175,"comment_status":"open","ping_status":"closed","template":"","meta":[],"product_cat":[28],"product_tag":[],"_links":{"self":[{"href":"https:\/\/fluxcontrolbr.com\/index.php\/wp-json\/wp\/v2\/product\/1126"}],"collection":[{"href":"https:\/\/fluxcontrolbr.com\/index.php\/wp-json\/wp\/v2\/product"}],"about":[{"href":"https:\/\/fluxcontrolbr.com\/index.php\/wp-json\/wp\/v2\/types\/product"}],"replies":[{"embeddable":true,"href":"https:\/\/fluxcontrolbr.com\/index.php\/wp-json\/wp\/v2\/comments?post=1126"}],"wp:featuredmedia":[{"embeddable":true,"href":"https:\/\/fluxcontrolbr.com\/index.php\/wp-json\/wp\/v2\/media\/1175"}],"wp:attachment":[{"href":"https:\/\/fluxcontrolbr.com\/index.php\/wp-json\/wp\/v2\/media?parent=1126"}],"wp:term":[{"taxonomy":"product_cat","embeddable":true,"href":"https:\/\/fluxcontrolbr.com\/index.php\/wp-json\/wp\/v2\/product_cat?post=1126"},{"taxonomy":"product_tag","embeddable":true,"href":"https:\/\/fluxcontrolbr.com\/index.php\/wp-json\/wp\/v2\/product_tag?post=1126"}],"curies":[{"name":"wp","href":"https:\/\/api.w.org\/{rel}","templated":true}]}}