{"id":671,"date":"2022-05-06T17:40:33","date_gmt":"2022-05-06T17:40:33","guid":{"rendered":"https:\/\/demo.creativethemes.com\/blocksy\/gadgets\/?post_type=product&#038;p=671"},"modified":"2025-10-16T05:35:20","modified_gmt":"2025-10-16T08:35:20","slug":"postoconsumo","status":"publish","type":"product","link":"https:\/\/fluxcontrolbr.com\/index.php\/produto\/postoconsumo\/","title":{"rendered":"Posto de Consumo"},"content":{"rendered":"<p><span style=\"font-weight: 400;\">Posto de consumo s\u00e3o equipamentos destinados ao segundo est\u00e1gio de redu\u00e7\u00e3o da press\u00e3o de uma rede de gases,onde o primeiro est\u00e1gio de redu\u00e7\u00e3o de press\u00e3o \u00e9 a central de gases; ele \u00e9 necess\u00e1rio para adequar as press\u00f5es requeridas pelo equipamento de trabalho evitando poss\u00edveis danos ao equipamento.<\/span><\/p>\n","protected":false},"excerpt":{"rendered":"<p><span style=\"font-weight: 400;\">Posto de consumo s\u00e3o equipamentos destinados ao segundo est\u00e1gio de redu\u00e7\u00e3o da press\u00e3o de uma rede de gases,onde o primeiro est\u00e1gio de redu\u00e7\u00e3o de press\u00e3o \u00e9 a central de gases; ele \u00e9 necess\u00e1rio para adequar as press\u00f5es requeridas pelo equipamento de trabalho evitando poss\u00edveis danos ao equipamento.<\/span><\/p>\n","protected":false},"featured_media":1174,"comment_status":"open","ping_status":"closed","template":"","meta":[],"product_cat":[31],"product_tag":[],"_links":{"self":[{"href":"https:\/\/fluxcontrolbr.com\/index.php\/wp-json\/wp\/v2\/product\/671"}],"collection":[{"href":"https:\/\/fluxcontrolbr.com\/index.php\/wp-json\/wp\/v2\/product"}],"about":[{"href":"https:\/\/fluxcontrolbr.com\/index.php\/wp-json\/wp\/v2\/types\/product"}],"replies":[{"embeddable":true,"href":"https:\/\/fluxcontrolbr.com\/index.php\/wp-json\/wp\/v2\/comments?post=671"}],"wp:featuredmedia":[{"embeddable":true,"href":"https:\/\/fluxcontrolbr.com\/index.php\/wp-json\/wp\/v2\/media\/1174"}],"wp:attachment":[{"href":"https:\/\/fluxcontrolbr.com\/index.php\/wp-json\/wp\/v2\/media?parent=671"}],"wp:term":[{"taxonomy":"product_cat","embeddable":true,"href":"https:\/\/fluxcontrolbr.com\/index.php\/wp-json\/wp\/v2\/product_cat?post=671"},{"taxonomy":"product_tag","embeddable":true,"href":"https:\/\/fluxcontrolbr.com\/index.php\/wp-json\/wp\/v2\/product_tag?post=671"}],"curies":[{"name":"wp","href":"https:\/\/api.w.org\/{rel}","templated":true}]}}