{"id":673,"date":"2022-05-06T17:41:29","date_gmt":"2022-05-06T17:41:29","guid":{"rendered":"https:\/\/demo.creativethemes.com\/blocksy\/gadgets\/?post_type=product&#038;p=673"},"modified":"2025-09-25T22:25:16","modified_gmt":"2025-09-26T01:25:16","slug":"centralgases","status":"publish","type":"product","link":"https:\/\/fluxcontrolbr.com\/index.php\/produto\/centralgases\/","title":{"rendered":"Central de Gases"},"content":{"rendered":"<p><span style=\"font-weight: 400;\">Centrais para controle de cilindros de gases especiais, em a\u00e7o inox 316, para controle de 1 ou 2 cilindros, com press\u00e3o de entrada de 3000psi e press\u00e3o de sa\u00edda de 0-250psi, com v\u00e1lvulas de bloqueio e purga.<\/span><\/p>\n","protected":false},"excerpt":{"rendered":"<p><span style=\"font-weight: 400;\">Centrais para controle de cilindros de gases especiais, em a\u00e7o inox 316, para controle de 1 ou 2 cilindros, com press\u00e3o de entrada de 3000psi e press\u00e3o de sa\u00edda de 0-250psi, com v\u00e1lvulas de bloqueio e purga.<\/span><\/p>\n","protected":false},"featured_media":1172,"comment_status":"open","ping_status":"closed","template":"","meta":[],"product_cat":[30],"product_tag":[],"_links":{"self":[{"href":"https:\/\/fluxcontrolbr.com\/index.php\/wp-json\/wp\/v2\/product\/673"}],"collection":[{"href":"https:\/\/fluxcontrolbr.com\/index.php\/wp-json\/wp\/v2\/product"}],"about":[{"href":"https:\/\/fluxcontrolbr.com\/index.php\/wp-json\/wp\/v2\/types\/product"}],"replies":[{"embeddable":true,"href":"https:\/\/fluxcontrolbr.com\/index.php\/wp-json\/wp\/v2\/comments?post=673"}],"wp:featuredmedia":[{"embeddable":true,"href":"https:\/\/fluxcontrolbr.com\/index.php\/wp-json\/wp\/v2\/media\/1172"}],"wp:attachment":[{"href":"https:\/\/fluxcontrolbr.com\/index.php\/wp-json\/wp\/v2\/media?parent=673"}],"wp:term":[{"taxonomy":"product_cat","embeddable":true,"href":"https:\/\/fluxcontrolbr.com\/index.php\/wp-json\/wp\/v2\/product_cat?post=673"},{"taxonomy":"product_tag","embeddable":true,"href":"https:\/\/fluxcontrolbr.com\/index.php\/wp-json\/wp\/v2\/product_tag?post=673"}],"curies":[{"name":"wp","href":"https:\/\/api.w.org\/{rel}","templated":true}]}}